{"id":1449,"date":"2022-11-02T19:28:44","date_gmt":"2022-11-02T19:28:44","guid":{"rendered":"https:\/\/dealdeswetsers.nl\/?page_id=1449"},"modified":"2024-05-07T13:49:01","modified_gmt":"2024-05-07T13:49:01","slug":"nieuws","status":"publish","type":"page","link":"https:\/\/dealdeswetsers.nl\/","title":{"rendered":"Nieuws"},"content":{"rendered":"\t\t<div data-elementor-type=\"wp-page\" data-elementor-id=\"1449\" class=\"elementor elementor-1449\">\n\t\t\t\t\t\t\t\t\t<section class=\"elementor-section elementor-top-section elementor-element elementor-element-ca7541c elementor-section-boxed elementor-section-height-default elementor-section-height-default\" data-id=\"ca7541c\" data-element_type=\"section\" data-settings=\"{&quot;background_background&quot;:&quot;classic&quot;}\">\n\t\t\t\t\t\t<div class=\"elementor-container elementor-column-gap-default\">\n\t\t\t\t\t<div class=\"elementor-column elementor-col-100 elementor-top-column elementor-element elementor-element-be10890\" data-id=\"be10890\" data-element_type=\"column\">\n\t\t\t<div class=\"elementor-widget-wrap elementor-element-populated\">\n\t\t\t\t\t\t\t\t<div class=\"elementor-element elementor-element-e6f79c8 elementor-widget elementor-widget-image\" data-id=\"e6f79c8\" data-element_type=\"widget\" data-widget_type=\"image.default\">\n\t\t\t\t<div class=\"elementor-widget-container\">\n\t\t\t<style>\/*! elementor - v3.8.0 - 30-10-2022 *\/\n.elementor-widget-image{text-align:center}.elementor-widget-image a{display:inline-block}.elementor-widget-image a img[src$=\".svg\"]{width:48px}.elementor-widget-image img{vertical-align:middle;display:inline-block}<\/style>\t\t\t\t\t\t\t\t\t\t\t\t<img loading=\"lazy\" decoding=\"async\" width=\"124\" height=\"143\" src=\"https:\/\/dealdeswetsers.nl\/wp-content\/uploads\/2022\/11\/logo-RCD.png\" class=\"attachment-thumbnail size-thumbnail\" alt=\"\" \/>\t\t\t\t\t\t\t\t\t\t\t\t\t\t\t<\/div>\n\t\t\t\t<\/div>\n\t\t\t\t<div class=\"elementor-element elementor-element-02500f6 elementor-widget elementor-widget-heading\" data-id=\"02500f6\" data-element_type=\"widget\" data-widget_type=\"heading.default\">\n\t\t\t\t<div class=\"elementor-widget-container\">\n\t\t\t<style>\/*! elementor - v3.8.0 - 30-10-2022 *\/\n.elementor-heading-title{padding:0;margin:0;line-height:1}.elementor-widget-heading .elementor-heading-title[class*=elementor-size-]>a{color:inherit;font-size:inherit;line-height:inherit}.elementor-widget-heading .elementor-heading-title.elementor-size-small{font-size:15px}.elementor-widget-heading .elementor-heading-title.elementor-size-medium{font-size:19px}.elementor-widget-heading .elementor-heading-title.elementor-size-large{font-size:29px}.elementor-widget-heading .elementor-heading-title.elementor-size-xl{font-size:39px}.elementor-widget-heading .elementor-heading-title.elementor-size-xxl{font-size:59px}<\/style><h1 class=\"elementor-heading-title elementor-size-medium\">Nieuwspagina <\/h1>\t\t<\/div>\n\t\t\t\t<\/div>\n\t\t\t\t\t<\/div>\n\t\t<\/div>\n\t\t\t\t\t\t\t<\/div>\n\t\t<\/section>\n\t\t\t\t<section class=\"elementor-section elementor-top-section elementor-element elementor-element-57a0934 elementor-section-full_width elementor-section-height-default elementor-section-height-default\" data-id=\"57a0934\" data-element_type=\"section\">\n\t\t\t\t\t\t<div class=\"elementor-container elementor-column-gap-default\">\n\t\t\t\t\t<div class=\"elementor-column elementor-col-100 elementor-top-column elementor-element elementor-element-e0b41e4\" data-id=\"e0b41e4\" data-element_type=\"column\">\n\t\t\t<div class=\"elementor-widget-wrap\">\n\t\t\t\t\t\t\t\t\t<\/div>\n\t\t<\/div>\n\t\t\t\t\t\t\t<\/div>\n\t\t<\/section>\n\t\t\t\t<section class=\"elementor-section elementor-top-section elementor-element elementor-element-0cb1eea elementor-section-boxed elementor-section-height-default elementor-section-height-default\" data-id=\"0cb1eea\" data-element_type=\"section\">\n\t\t\t\t\t\t<div class=\"elementor-container elementor-column-gap-default\">\n\t\t\t\t\t<div class=\"elementor-column elementor-col-100 elementor-top-column elementor-element elementor-element-de9b900\" data-id=\"de9b900\" data-element_type=\"column\">\n\t\t\t<div class=\"elementor-widget-wrap elementor-element-populated\">\n\t\t\t\t\t\t\t\t<div class=\"elementor-element elementor-element-c4ff197 elementor-widget elementor-widget-spacer\" data-id=\"c4ff197\" data-element_type=\"widget\" data-widget_type=\"spacer.default\">\n\t\t\t\t<div class=\"elementor-widget-container\">\n\t\t\t<style>\/*! elementor - v3.8.0 - 30-10-2022 *\/\n.elementor-column .elementor-spacer-inner{height:var(--spacer-size)}.e-con{--container-widget-width:100%}.e-con-inner>.elementor-widget-spacer,.e-con>.elementor-widget-spacer{width:var(--container-widget-width,var(--spacer-size));-ms-flex-item-align:stretch;align-self:stretch;-ms-flex-negative:0;flex-shrink:0}.e-con-inner>.elementor-widget-spacer>.elementor-widget-container,.e-con-inner>.elementor-widget-spacer>.elementor-widget-container>.elementor-spacer,.e-con>.elementor-widget-spacer>.elementor-widget-container,.e-con>.elementor-widget-spacer>.elementor-widget-container>.elementor-spacer{height:100%}.e-con-inner>.elementor-widget-spacer>.elementor-widget-container>.elementor-spacer>.elementor-spacer-inner,.e-con>.elementor-widget-spacer>.elementor-widget-container>.elementor-spacer>.elementor-spacer-inner{height:var(--container-widget-height,var(--spacer-size))}<\/style>\t\t<div class=\"elementor-spacer\">\n\t\t\t<div class=\"elementor-spacer-inner\"><\/div>\n\t\t<\/div>\n\t\t\t\t<\/div>\n\t\t\t\t<\/div>\n\t\t\t\t<div class=\"elementor-element elementor-element-4f0d7df elementor-widget elementor-widget-text-editor\" data-id=\"4f0d7df\" data-element_type=\"widget\" data-widget_type=\"text-editor.default\">\n\t\t\t\t<div class=\"elementor-widget-container\">\n\t\t\t<style>\/*! elementor - v3.8.0 - 30-10-2022 *\/\n.elementor-widget-text-editor.elementor-drop-cap-view-stacked .elementor-drop-cap{background-color:#818a91;color:#fff}.elementor-widget-text-editor.elementor-drop-cap-view-framed .elementor-drop-cap{color:#818a91;border:3px solid;background-color:transparent}.elementor-widget-text-editor:not(.elementor-drop-cap-view-default) .elementor-drop-cap{margin-top:8px}.elementor-widget-text-editor:not(.elementor-drop-cap-view-default) .elementor-drop-cap-letter{width:1em;height:1em}.elementor-widget-text-editor .elementor-drop-cap{float:left;text-align:center;line-height:1;font-size:50px}.elementor-widget-text-editor .elementor-drop-cap-letter{display:inline-block}<\/style>\t\t\t\t<h2 style=\"font-style: normal;\"><span style=\"color: #ff0000;\">Programma jubileumweekend<\/span><\/h2><h2 style=\"font-style: normal;\"><span style=\"color: #ff0000;\"><img loading=\"lazy\" decoding=\"async\" class=\"aligncenter size-large wp-image-2040\" src=\"https:\/\/dealdeswetsers.nl\/wp-content\/uploads\/2024\/05\/Jubileum-programma-beknopt-724x1024.jpg\" alt=\"\" width=\"724\" height=\"1024\" srcset=\"https:\/\/dealdeswetsers.nl\/wp-content\/uploads\/2024\/05\/Jubileum-programma-beknopt-724x1024.jpg 724w, https:\/\/dealdeswetsers.nl\/wp-content\/uploads\/2024\/05\/Jubileum-programma-beknopt-212x300.jpg 212w, https:\/\/dealdeswetsers.nl\/wp-content\/uploads\/2024\/05\/Jubileum-programma-beknopt-768x1086.jpg 768w, https:\/\/dealdeswetsers.nl\/wp-content\/uploads\/2024\/05\/Jubileum-programma-beknopt-1086x1536.jpg 1086w, https:\/\/dealdeswetsers.nl\/wp-content\/uploads\/2024\/05\/Jubileum-programma-beknopt.jpg 1448w\" sizes=\"auto, (max-width: 724px) 100vw, 724px\" \/><br \/><\/span><\/h2><div><span style=\"color: #ff0000;\">\u00a0<\/span><\/div><div style=\"color: #ff0000; text-align: center;\"><p style=\"font-size: 16px; text-align: left;\">\u00a0<\/p><\/div>\t\t\t\t\t\t<\/div>\n\t\t\t\t<\/div>\n\t\t\t\t<div class=\"elementor-element elementor-element-e77be56 elementor-widget elementor-widget-spacer\" data-id=\"e77be56\" data-element_type=\"widget\" data-widget_type=\"spacer.default\">\n\t\t\t\t<div class=\"elementor-widget-container\">\n\t\t\t\t\t<div class=\"elementor-spacer\">\n\t\t\t<div class=\"elementor-spacer-inner\"><\/div>\n\t\t<\/div>\n\t\t\t\t<\/div>\n\t\t\t\t<\/div>\n\t\t\t\t\t<\/div>\n\t\t<\/div>\n\t\t\t\t\t\t\t<\/div>\n\t\t<\/section>\n\t\t\t\t<section class=\"elementor-section elementor-top-section elementor-element elementor-element-5a55d57 elementor-section-boxed elementor-section-height-default elementor-section-height-default\" data-id=\"5a55d57\" data-element_type=\"section\">\n\t\t\t\t\t\t<div class=\"elementor-container elementor-column-gap-default\">\n\t\t\t\t\t<div class=\"elementor-column elementor-col-100 elementor-top-column elementor-element elementor-element-308b28a\" data-id=\"308b28a\" data-element_type=\"column\">\n\t\t\t<div class=\"elementor-widget-wrap elementor-element-populated\">\n\t\t\t\t\t\t\t\t<div class=\"elementor-element elementor-element-c8aacd4 elementor-widget elementor-widget-spacer\" data-id=\"c8aacd4\" data-element_type=\"widget\" data-widget_type=\"spacer.default\">\n\t\t\t\t<div class=\"elementor-widget-container\">\n\t\t\t\t\t<div class=\"elementor-spacer\">\n\t\t\t<div class=\"elementor-spacer-inner\"><\/div>\n\t\t<\/div>\n\t\t\t\t<\/div>\n\t\t\t\t<\/div>\n\t\t\t\t<div class=\"elementor-element elementor-element-a37c2ab elementor-widget elementor-widget-text-editor\" data-id=\"a37c2ab\" data-element_type=\"widget\" data-widget_type=\"text-editor.default\">\n\t\t\t\t<div class=\"elementor-widget-container\">\n\t\t\t\t\t\t\t<h2 style=\"font-style: normal;\"><span style=\"color: #ff0000;\">Jubileumweekend met traditie?<\/span><\/h2><div style=\"color: #ff0000; text-align: center;\"><p style=\"text-align: left;\"><span style=\"color: #ffffff;\">Beste leden, oud leden en vrienden van Rugby Club Drachten.<\/span><\/p><p style=\"text-align: left;\"><span style=\"color: #ffffff;\">Graag even jullie aandacht voor het volgende.<\/span><\/p><p style=\"text-align: left;\"><span style=\"color: #ffffff;\">In het kader van de komend festiviteiten is er een verzoek vanuit het bestuur en organiserend comit\u00e9.<\/span><\/p><p style=\"text-align: left;\"><span style=\"color: #ffffff;\">Rugby is een sport van tradities. En \u00e9\u00e9n van de leukste traditie is \u2018op tour\u2019 gaan.<\/span><\/p><p style=\"text-align: left;\"><span style=\"color: #ffffff;\">Veel van onze oude verhalen en anekdotes zijn gebeurtenissen die tijdens \u00e9\u00e9n van die reisjes zijn voorgevallen.<\/span><\/p><p style=\"text-align: left;\"><span style=\"color: #ffffff;\">Een belangrijk onderdeel van de \u2018tour\u2019 is een tourshirt. In de meeste gevallen waren onze gastheren ook in het bezit van een shirt, speciaal voor de gelegenheid.<\/span><\/p><p style=\"text-align: left;\"><span style=\"color: #ffffff;\">Het was en is gebruikelijk om deze shirts te ruilen met de tegenstander. Gevolg is nu dat veel van de oude leden de kast vol hebben liggen met oude tourshirts.<\/span><\/p><p style=\"text-align: left;\"><span style=\"color: #ffffff;\">Het is ons idee om deze tourshirts weer uit de mottenballen te halen en opnieuw te dragen op de feestavonden. Op deze manier kunnen er herinneringen worden opgehaald en komen de verhalen vanzelf los.<\/span><\/p><p style=\"text-align: left;\"><span style=\"color: #ffffff;\">Heb je nou geen tourshirt meer kunnen vinden of hij past gewoon niet meer, dan is het dragen van een oud teamshirt ook een idee.<\/span><\/p><p style=\"text-align: left;\"><span style=\"color: #ffffff;\">Laat zien dat je trots bent op de rugbyclub en de rugbysport in het algemeen.<\/span><\/p><p style=\"text-align: left;\"><span style=\"color: #ffffff;\">Alvast bedankt en tot 24 mei<\/span><\/p><p style=\"text-align: left;\"><span style=\"color: #ffffff;\">Met vriendelijke groet,<\/span><\/p><p style=\"text-align: left;\"><span style=\"color: #ffffff;\">Namens de jubileumcommissie<\/span><\/p><\/div>\t\t\t\t\t\t<\/div>\n\t\t\t\t<\/div>\n\t\t\t\t<div class=\"elementor-element elementor-element-a369ad9 elementor-widget elementor-widget-spacer\" data-id=\"a369ad9\" data-element_type=\"widget\" data-widget_type=\"spacer.default\">\n\t\t\t\t<div class=\"elementor-widget-container\">\n\t\t\t\t\t<div class=\"elementor-spacer\">\n\t\t\t<div class=\"elementor-spacer-inner\"><\/div>\n\t\t<\/div>\n\t\t\t\t<\/div>\n\t\t\t\t<\/div>\n\t\t\t\t\t<\/div>\n\t\t<\/div>\n\t\t\t\t\t\t\t<\/div>\n\t\t<\/section>\n\t\t\t\t<section class=\"elementor-section elementor-top-section elementor-element elementor-element-5814337 elementor-section-boxed elementor-section-height-default elementor-section-height-default\" data-id=\"5814337\" data-element_type=\"section\">\n\t\t\t\t\t\t<div class=\"elementor-container elementor-column-gap-default\">\n\t\t\t\t\t<div class=\"elementor-column elementor-col-100 elementor-top-column elementor-element elementor-element-d757d4e\" data-id=\"d757d4e\" data-element_type=\"column\">\n\t\t\t<div class=\"elementor-widget-wrap elementor-element-populated\">\n\t\t\t\t\t\t\t\t<div class=\"elementor-element elementor-element-54c7daf elementor-widget elementor-widget-spacer\" data-id=\"54c7daf\" data-element_type=\"widget\" data-widget_type=\"spacer.default\">\n\t\t\t\t<div class=\"elementor-widget-container\">\n\t\t\t\t\t<div class=\"elementor-spacer\">\n\t\t\t<div class=\"elementor-spacer-inner\"><\/div>\n\t\t<\/div>\n\t\t\t\t<\/div>\n\t\t\t\t<\/div>\n\t\t\t\t<div class=\"elementor-element elementor-element-49deeb9 elementor-widget elementor-widget-text-editor\" data-id=\"49deeb9\" data-element_type=\"widget\" data-widget_type=\"text-editor.default\">\n\t\t\t\t<div class=\"elementor-widget-container\">\n\t\t\t\t\t\t\t<h2 style=\"text-align: left;\"><span style=\"color: #ff0000;\">Website<strong> up to date<\/strong><\/span><\/h2><div><p class=\"font_8\" style=\"font-size: 16px; font-style: normal; font-weight: 400; color: rgba(82, 104, 64, 0.75); text-align: start;\"><span style=\"color: #ffffff;\">Vanaf heden zal deze pagina weer up to date worden gehouden.<\/span><\/p><p class=\"font_8\" style=\"font-size: 16px; font-style: normal; font-weight: 400; color: rgba(82, 104, 64, 0.75); text-align: start;\"><span style=\"color: #ffffff;\">Via deze pagina kunt u t.z.t. onder andere op de hoogte gehouden worden over het hoe\/wat\/waar en wanneer van het jubileumfeest. Dit feest zal in 2024 gehouden worden ter ere van het 50-jarige bestaan van RugbyClub Drachten. Idee\u00ebn of suggesties voor de website zijn altijd welkom en aan te leveren via het contactformulier.<\/span><\/p><\/div>\t\t\t\t\t\t<\/div>\n\t\t\t\t<\/div>\n\t\t\t\t\t<\/div>\n\t\t<\/div>\n\t\t\t\t\t\t\t<\/div>\n\t\t<\/section>\n\t\t\t\t<section class=\"elementor-section elementor-top-section elementor-element elementor-element-15358c2 elementor-section-boxed elementor-section-height-default elementor-section-height-default\" data-id=\"15358c2\" data-element_type=\"section\">\n\t\t\t\t\t\t<div class=\"elementor-container elementor-column-gap-default\">\n\t\t\t\t\t<div class=\"elementor-column elementor-col-100 elementor-top-column elementor-element elementor-element-7664e31\" data-id=\"7664e31\" data-element_type=\"column\">\n\t\t\t<div class=\"elementor-widget-wrap elementor-element-populated\">\n\t\t\t\t\t\t\t\t<div class=\"elementor-element elementor-element-95c5657 elementor-widget elementor-widget-spacer\" data-id=\"95c5657\" data-element_type=\"widget\" data-widget_type=\"spacer.default\">\n\t\t\t\t<div class=\"elementor-widget-container\">\n\t\t\t\t\t<div class=\"elementor-spacer\">\n\t\t\t<div class=\"elementor-spacer-inner\"><\/div>\n\t\t<\/div>\n\t\t\t\t<\/div>\n\t\t\t\t<\/div>\n\t\t\t\t\t<\/div>\n\t\t<\/div>\n\t\t\t\t\t\t\t<\/div>\n\t\t<\/section>\n\t\t\t\t<section class=\"elementor-section elementor-top-section elementor-element elementor-element-6dcf61b elementor-section-boxed elementor-section-height-default elementor-section-height-default\" data-id=\"6dcf61b\" data-element_type=\"section\">\n\t\t\t\t\t\t<div class=\"elementor-container elementor-column-gap-default\">\n\t\t\t\t\t<div class=\"elementor-column elementor-col-100 elementor-top-column elementor-element elementor-element-22befab\" data-id=\"22befab\" data-element_type=\"column\">\n\t\t\t<div class=\"elementor-widget-wrap elementor-element-populated\">\n\t\t\t\t\t\t\t\t<div class=\"elementor-element elementor-element-19b7e7f elementor-widget elementor-widget-text-editor\" data-id=\"19b7e7f\" data-element_type=\"widget\" data-widget_type=\"text-editor.default\">\n\t\t\t\t<div class=\"elementor-widget-container\">\n\t\t\t\t\t\t\t<h2 class=\"MsoNormal\"><span style=\"color: #ff0000;\">Wedstrijden<\/span><\/h2><div><p class=\"MsoNormal\"><span style=\"color: #ffffff;\">De organisatie van de \u00c2lde Swetsers is bezig met de voorverkenning om enkele wedstrijden te gaan spelen. Dit als voorbereiding op de jaarlijkse oud tegen nieuw wedstrijden en het jubileumweekend.<\/span><\/p><p class=\"MsoNormal\" style=\"font-size: 16px;\">\u00a0<\/p><p class=\"MsoNormal\"><span style=\"color: #ffffff;\">Nieuws hierover zal via deze site worden verspreid.<\/span><\/p><\/div>\t\t\t\t\t\t<\/div>\n\t\t\t\t<\/div>\n\t\t\t\t\t<\/div>\n\t\t<\/div>\n\t\t\t\t\t\t\t<\/div>\n\t\t<\/section>\n\t\t\t\t<section class=\"elementor-section elementor-top-section elementor-element elementor-element-ef63f08 elementor-section-boxed elementor-section-height-default elementor-section-height-default\" data-id=\"ef63f08\" data-element_type=\"section\">\n\t\t\t\t\t\t<div class=\"elementor-container elementor-column-gap-default\">\n\t\t\t\t\t<div class=\"elementor-column elementor-col-100 elementor-top-column elementor-element elementor-element-4186286\" data-id=\"4186286\" data-element_type=\"column\">\n\t\t\t<div class=\"elementor-widget-wrap elementor-element-populated\">\n\t\t\t\t\t\t\t\t<div class=\"elementor-element elementor-element-17b6207 elementor-widget elementor-widget-spacer\" data-id=\"17b6207\" data-element_type=\"widget\" data-widget_type=\"spacer.default\">\n\t\t\t\t<div class=\"elementor-widget-container\">\n\t\t\t\t\t<div class=\"elementor-spacer\">\n\t\t\t<div class=\"elementor-spacer-inner\"><\/div>\n\t\t<\/div>\n\t\t\t\t<\/div>\n\t\t\t\t<\/div>\n\t\t\t\t\t<\/div>\n\t\t<\/div>\n\t\t\t\t\t\t\t<\/div>\n\t\t<\/section>\n\t\t\t\t<section class=\"elementor-section elementor-top-section elementor-element elementor-element-4e86493 elementor-section-boxed elementor-section-height-default elementor-section-height-default\" data-id=\"4e86493\" data-element_type=\"section\">\n\t\t\t\t\t\t<div class=\"elementor-container elementor-column-gap-default\">\n\t\t\t\t\t<div class=\"elementor-column elementor-col-100 elementor-top-column elementor-element elementor-element-72f4e22\" data-id=\"72f4e22\" data-element_type=\"column\">\n\t\t\t<div class=\"elementor-widget-wrap elementor-element-populated\">\n\t\t\t\t\t\t\t\t<div class=\"elementor-element elementor-element-11a61cb elementor-widget elementor-widget-text-editor\" data-id=\"11a61cb\" data-element_type=\"widget\" data-widget_type=\"text-editor.default\">\n\t\t\t\t<div class=\"elementor-widget-container\">\n\t\t\t\t\t\t\t<h2 style=\"font-style: normal;\"><span style=\"color: #ff0000;\">Eeuwige roem &#8211; nu ook voor jou via ons tegeltableau!!<\/span><\/h2><div style=\"color: #ff0000; text-align: center;\"><p style=\"text-align: left;\"><span style=\"font-family: Roboto; color: #ffffff;\">Grote blikvanger in ons clubhuis is onze aardewerken tegeltableau. Bezoekers kijken hun ogen uit en zijn onder de indruk. Een mooier visitekaartje is er niet.<\/span><\/p><p style=\"text-align: left;\"><span style=\"font-family: Roboto; color: #ffffff;\">Deze tegels (13 x 13 cm.) worden met de hand geverfd en op traditionele wijze gebakken door een ambachtelijke pottenbakker in Workum. Wij stellen jou nu opnieuw in staat, om met een speciale jubileumeditie tegel, een plek in onze \u201cHall of Fame\u201d te verwerven. Bedenk wel: over 100 jaar hangt jouw tegel daar nog steeds.<\/span><\/p><p style=\"text-align: left;\"><span style=\"color: #ffffff;\"><b><span style=\"font-family: Roboto;\">Wat moet je doen??<\/span><\/b><span style=\"font-family: Roboto;\">\u00a0Bedenk vooraf welke naam je op de tegel wilt zetten. Dit kan je eigen (bij)naam zijn of die van donateur, sponsor, vriend, vriendin, vader of moeder, zonen en\/of dochters, buuf, oom, ma\u00eetresse, kroeg, toy-boy, \u2026..<\/span><\/span><\/p><p style=\"text-align: left;\"><span style=\"font-family: Roboto; color: #ffffff;\">Kortom: bijna alles is mogelijk. En dat voor slechts \u20ac 50,00 per tegel. Zowaar een koopje. Tegen meerprijs zijn logo\u2019s of andere varianten mogelijk. Deze worden vooraf wel getoetst door onze ethiekcommissie. Idee\u00ebn voor varianten mogen worden ingezonden naar voorzitter.rcdrachten@gmail.com.<\/span><\/p><p style=\"text-align: left;\"><span style=\"font-family: Roboto; color: #ffffff;\">Aarzel niet en meld je nu aan en ga voor die eeuwige roem. Eenvoudiger heb je die niet eerder zo kunnen krijgen.<\/span><\/p><p style=\"text-align: left;\"><span style=\"font-family: Roboto; color: #ffffff;\">Betaling zal gaan via een tikkie en wordt geregeld voordat de tegels besteld worden.<\/span><\/p><p style=\"text-align: left;\"><span style=\"font-family: Roboto; color: #ffffff;\">Wil je meerdere tegels? Vul dan voor elke tegel een nieuw formulier in.<\/span><\/p><p style=\"text-align: left;\"><span style=\"font-family: Roboto; color: #ffffff;\">https:\/\/docs.google.com\/forms\/d\/e\/1FAIpQLSeZW2u9BQJ_83IlK_klzCDdt_wmsRrV0mZZyLOifUYLmHnT4w\/viewform?usp=pp_url <\/span><\/p><p style=\"text-align: left;\"><span style=\"font-family: Roboto; color: #ffffff;\">Met vriendelijke groet,<\/span><\/p><p style=\"text-align: left;\"><span style=\"font-family: Roboto; color: #ffffff;\">De commissie 50 jaar RCD<\/span><\/p><\/div>\t\t\t\t\t\t<\/div>\n\t\t\t\t<\/div>\n\t\t\t\t\t<\/div>\n\t\t<\/div>\n\t\t\t\t\t\t\t<\/div>\n\t\t<\/section>\n\t\t\t\t\t\t\t<\/div>\n\t\t","protected":false},"excerpt":{"rendered":"<p>Nieuwspagina Programma jubileumweekend \u00a0 \u00a0 Jubileumweekend met traditie? Beste leden, oud leden en vrienden van Rugby Club Drachten. Graag even jullie aandacht voor het volgende. In het kader van de komend festiviteiten is er een verzoek vanuit het bestuur en organiserend comit\u00e9. Rugby is een sport van tradities. En \u00e9\u00e9n van de leukste traditie is &hellip;<\/p>\n<p class=\"read-more\"> <a class=\"\" href=\"https:\/\/dealdeswetsers.nl\/\"> <span class=\"screen-reader-text\">Nieuws<\/span> Lees meer &raquo;<\/a><\/p>\n","protected":false},"author":1,"featured_media":0,"parent":0,"menu_order":0,"comment_status":"closed","ping_status":"closed","template":"","meta":{"site-sidebar-layout":"no-sidebar","site-content-layout":"page-builder","ast-global-header-display":"","ast-main-header-display":"","ast-hfb-above-header-display":"","ast-hfb-below-header-display":"","ast-hfb-mobile-header-display":"","site-post-title":"disabled","ast-breadcrumbs-content":"","ast-featured-img":"disabled","footer-sml-layout":"","theme-transparent-header-meta":"enabled","adv-header-id-meta":"","stick-header-meta":"","header-above-stick-meta":"","header-main-stick-meta":"","header-below-stick-meta":"","footnotes":""},"class_list":["post-1449","page","type-page","status-publish","hentry"],"_links":{"self":[{"href":"https:\/\/dealdeswetsers.nl\/index.php?rest_route=\/wp\/v2\/pages\/1449","targetHints":{"allow":["GET"]}}],"collection":[{"href":"https:\/\/dealdeswetsers.nl\/index.php?rest_route=\/wp\/v2\/pages"}],"about":[{"href":"https:\/\/dealdeswetsers.nl\/index.php?rest_route=\/wp\/v2\/types\/page"}],"author":[{"embeddable":true,"href":"https:\/\/dealdeswetsers.nl\/index.php?rest_route=\/wp\/v2\/users\/1"}],"replies":[{"embeddable":true,"href":"https:\/\/dealdeswetsers.nl\/index.php?rest_route=%2Fwp%2Fv2%2Fcomments&post=1449"}],"version-history":[{"count":107,"href":"https:\/\/dealdeswetsers.nl\/index.php?rest_route=\/wp\/v2\/pages\/1449\/revisions"}],"predecessor-version":[{"id":2046,"href":"https:\/\/dealdeswetsers.nl\/index.php?rest_route=\/wp\/v2\/pages\/1449\/revisions\/2046"}],"wp:attachment":[{"href":"https:\/\/dealdeswetsers.nl\/index.php?rest_route=%2Fwp%2Fv2%2Fmedia&parent=1449"}],"curies":[{"name":"wp","href":"https:\/\/api.w.org\/{rel}","templated":true}]}}